{"id":31,"date":"2023-08-18T18:08:17","date_gmt":"2023-08-18T16:08:17","guid":{"rendered":"http:\/\/todrzwi.pl\/index.php\/about-us\/"},"modified":"2023-08-22T21:12:13","modified_gmt":"2023-08-22T19:12:13","slug":"o-nas","status":"publish","type":"page","link":"https:\/\/todrzwi.pl\/index.php\/o-nas\/","title":{"rendered":"O NAS"},"content":{"rendered":"\t\t<div data-elementor-type=\"wp-page\" data-elementor-id=\"31\" class=\"elementor elementor-31\">\n\t\t\t\t\t\t<section class=\"elementor-section elementor-top-section elementor-element elementor-element-7a5a66fd elementor-section-height-min-height elementor-section-items-stretch elementor-section-content-top elementor-section-full_width elementor-section-height-default\" data-id=\"7a5a66fd\" data-element_type=\"section\" data-e-type=\"section\" data-settings=\"{&quot;background_background&quot;:&quot;classic&quot;}\">\n\t\t\t\t\t\t<div class=\"elementor-container elementor-column-gap-no\">\n\t\t\t\t\t<div class=\"elementor-column elementor-col-100 elementor-top-column elementor-element elementor-element-402a61d0\" data-id=\"402a61d0\" data-element_type=\"column\" data-e-type=\"column\">\n\t\t\t<div class=\"elementor-widget-wrap elementor-element-populated\">\n\t\t\t\t\t\t<section class=\"elementor-section elementor-inner-section elementor-element elementor-element-cfbb5f5 elementor-section-boxed elementor-section-height-default elementor-section-height-default\" data-id=\"cfbb5f5\" data-element_type=\"section\" data-e-type=\"section\">\n\t\t\t\t\t\t<div class=\"elementor-container elementor-column-gap-no\">\n\t\t\t\t\t<div class=\"elementor-column elementor-col-100 elementor-inner-column elementor-element elementor-element-7b9681d\" data-id=\"7b9681d\" data-element_type=\"column\" data-e-type=\"column\">\n\t\t\t<div class=\"elementor-widget-wrap elementor-element-populated\">\n\t\t\t\t\t\t<div class=\"elementor-element elementor-element-5ba5a07e elementor-widget elementor-widget-spacer\" data-id=\"5ba5a07e\" data-element_type=\"widget\" data-e-type=\"widget\" data-widget_type=\"spacer.default\">\n\t\t\t\t<div class=\"elementor-widget-container\">\n\t\t\t\t\t\t\t<div class=\"elementor-spacer\">\n\t\t\t<div class=\"elementor-spacer-inner\"><\/div>\n\t\t<\/div>\n\t\t\t\t\t\t<\/div>\n\t\t\t\t<\/div>\n\t\t\t\t<div class=\"elementor-element elementor-element-93ba7b5 elementor-invisible elementor-widget elementor-widget-heading\" data-id=\"93ba7b5\" data-element_type=\"widget\" data-e-type=\"widget\" data-settings=\"{&quot;_animation&quot;:&quot;fadeIn&quot;}\" data-widget_type=\"heading.default\">\n\t\t\t\t<div class=\"elementor-widget-container\">\n\t\t\t\t\t<h1 class=\"elementor-heading-title elementor-size-default\">O nas<\/h1>\t\t\t\t<\/div>\n\t\t\t\t<\/div>\n\t\t\t\t<div class=\"elementor-element elementor-element-709cabf2 elementor-widget-divider--view-line elementor-invisible elementor-widget elementor-widget-divider\" data-id=\"709cabf2\" data-element_type=\"widget\" data-e-type=\"widget\" data-settings=\"{&quot;_animation&quot;:&quot;fadeIn&quot;,&quot;_animation_delay&quot;:&quot;200&quot;}\" data-widget_type=\"divider.default\">\n\t\t\t\t<div class=\"elementor-widget-container\">\n\t\t\t\t\t\t\t<div class=\"elementor-divider\">\n\t\t\t<span class=\"elementor-divider-separator\">\n\t\t\t\t\t\t<\/span>\n\t\t<\/div>\n\t\t\t\t\t\t<\/div>\n\t\t\t\t<\/div>\n\t\t\t\t<div class=\"elementor-element elementor-element-17b38748 elementor-invisible elementor-widget elementor-widget-heading\" data-id=\"17b38748\" data-element_type=\"widget\" data-e-type=\"widget\" data-settings=\"{&quot;_animation&quot;:&quot;fadeIn&quot;,&quot;_animation_delay&quot;:&quot;400&quot;}\" data-widget_type=\"heading.default\">\n\t\t\t\t<div class=\"elementor-widget-container\">\n\t\t\t\t\t<h2 class=\"elementor-heading-title elementor-size-default\">Rodzinna manufaktura drewna <\/h2>\t\t\t\t<\/div>\n\t\t\t\t<\/div>\n\t\t\t\t<div class=\"elementor-element elementor-element-17a72239 elementor-drop-cap-yes elementor-drop-cap-view-default elementor-widget elementor-widget-text-editor\" data-id=\"17a72239\" data-element_type=\"widget\" data-e-type=\"widget\" data-settings=\"{&quot;drop_cap&quot;:&quot;yes&quot;}\" data-widget_type=\"text-editor.default\">\n\t\t\t\t<div class=\"elementor-widget-container\">\n\t\t\t\t\t\t\t\t\t<p>Zak\u0142ad stolarski, kt\u00f3rego pocz\u0105tki si\u0119gaj\u0105 roku 1965. Od samego pocz\u0105tku zak\u0142ad stolarski skupia\u0142 si\u0119 na produkcji mebli, meblo\u015bcianek drewnianych mi\u0119dzy innymi d\u0119bowych. Wiele wzor\u00f3w jak element\u00f3w by\u0142y r\u0119czn\u0105 praca rze\u017abiarzy. Dzi\u0119ki zami\u0142owaniu do unikatowego wzornictwa, niestrudzonym poszukiwaniem inspiracji oraz akcesori\u00f3w firma cieszy si\u0119 uznaniem klient\u00f3w. Co wi\u0119cej, wiele realizowanych projekt\u00f3w to indywidualne stolarskie wyzwania, kt\u00f3rych si\u0119 ch\u0119tnie podejmujemy.\u00a0<\/p>\t\t\t\t\t\t\t\t<\/div>\n\t\t\t\t<\/div>\n\t\t\t\t\t<\/div>\n\t\t<\/div>\n\t\t\t\t\t<\/div>\n\t\t<\/section>\n\t\t\t\t<div class=\"elementor-element elementor-element-3788a831 elementor-widget__width-initial elementor-widget-tablet__width-initial elementor-widget-mobile__width-inherit elementor-absolute elementor-invisible elementor-widget elementor-widget-image\" data-id=\"3788a831\" data-element_type=\"widget\" data-e-type=\"widget\" data-settings=\"{&quot;_animation&quot;:&quot;slideInRight&quot;,&quot;_position&quot;:&quot;absolute&quot;}\" data-widget_type=\"image.default\">\n\t\t\t\t<div class=\"elementor-widget-container\">\n\t\t\t\t\t\t\t\t\t\t\t\t\t\t\t<img fetchpriority=\"high\" decoding=\"async\" width=\"768\" height=\"1024\" src=\"https:\/\/todrzwi.pl\/wp-content\/uploads\/2023\/08\/Producent-drzwi-zaklad-stolarski-produkujacy-meble-i-drzwi-na-wymiar-producent-drewnianych-eleganckich-drzwi-i-mebli.jpg\" class=\"attachment-large size-large wp-image-112\" alt=\"\" srcset=\"https:\/\/todrzwi.pl\/wp-content\/uploads\/2023\/08\/Producent-drzwi-zaklad-stolarski-produkujacy-meble-i-drzwi-na-wymiar-producent-drewnianych-eleganckich-drzwi-i-mebli.jpg 768w, https:\/\/todrzwi.pl\/wp-content\/uploads\/2023\/08\/Producent-drzwi-zaklad-stolarski-produkujacy-meble-i-drzwi-na-wymiar-producent-drewnianych-eleganckich-drzwi-i-mebli-225x300.jpg 225w\" sizes=\"(max-width: 768px) 100vw, 768px\" \/>\t\t\t\t\t\t\t\t\t\t\t\t\t\t\t<\/div>\n\t\t\t\t<\/div>\n\t\t\t\t\t<\/div>\n\t\t<\/div>\n\t\t\t\t\t<\/div>\n\t\t<\/section>\n\t\t\t\t<\/div>\n\t\t","protected":false},"excerpt":{"rendered":"<p>O nas Rodzinna manufaktura drewna Zak\u0142ad stolarski, kt\u00f3rego pocz\u0105tki si\u0119gaj\u0105 roku 1965. Od samego pocz\u0105tku zak\u0142ad stolarski skupia\u0142 si\u0119 na produkcji mebli, meblo\u015bcianek drewnianych mi\u0119dzy innymi d\u0119bowych. Wiele wzor\u00f3w jak element\u00f3w by\u0142y r\u0119czn\u0105 praca rze\u017abiarzy. Dzi\u0119ki zami\u0142owaniu do unikatowego wzornictwa, niestrudzonym poszukiwaniem inspiracji oraz akcesori\u00f3w firma cieszy si\u0119 uznaniem klient\u00f3w. Co wi\u0119cej, wiele realizowanych projekt\u00f3w [&hellip;]<\/p>\n","protected":false},"author":1,"featured_media":0,"parent":0,"menu_order":0,"comment_status":"closed","ping_status":"closed","template":"","meta":{"om_disable_all_campaigns":false,"_monsterinsights_skip_tracking":false,"_monsterinsights_sitenote_active":false,"_monsterinsights_sitenote_note":"","_monsterinsights_sitenote_category":0,"_uf_show_specific_survey":0,"_uf_disable_surveys":false,"footnotes":""},"class_list":["post-31","page","type-page","status-publish","hentry"],"aioseo_notices":[],"_links":{"self":[{"href":"https:\/\/todrzwi.pl\/index.php\/wp-json\/wp\/v2\/pages\/31","targetHints":{"allow":["GET"]}}],"collection":[{"href":"https:\/\/todrzwi.pl\/index.php\/wp-json\/wp\/v2\/pages"}],"about":[{"href":"https:\/\/todrzwi.pl\/index.php\/wp-json\/wp\/v2\/types\/page"}],"author":[{"embeddable":true,"href":"https:\/\/todrzwi.pl\/index.php\/wp-json\/wp\/v2\/users\/1"}],"replies":[{"embeddable":true,"href":"https:\/\/todrzwi.pl\/index.php\/wp-json\/wp\/v2\/comments?post=31"}],"version-history":[{"count":11,"href":"https:\/\/todrzwi.pl\/index.php\/wp-json\/wp\/v2\/pages\/31\/revisions"}],"predecessor-version":[{"id":152,"href":"https:\/\/todrzwi.pl\/index.php\/wp-json\/wp\/v2\/pages\/31\/revisions\/152"}],"wp:attachment":[{"href":"https:\/\/todrzwi.pl\/index.php\/wp-json\/wp\/v2\/media?parent=31"}],"curies":[{"name":"wp","href":"https:\/\/api.w.org\/{rel}","templated":true}]}}